{"id":30,"date":"2024-05-02T14:57:02","date_gmt":"2024-05-02T14:57:02","guid":{"rendered":"http:\/\/czytaczfest.pl\/?page_id=30"},"modified":"2025-07-31T10:53:59","modified_gmt":"2025-07-31T10:53:59","slug":"o-czytaczfescie","status":"publish","type":"page","link":"https:\/\/czytaczfest.pl\/index.php\/o-czytaczfescie\/","title":{"rendered":"O CZYTACZFE\u015aCIE"},"content":{"rendered":"<div data-colibri-id=\"30-c1\" class=\"style-585 style-local-30-c1 position-relative\">\n  <!---->\n  <div data-colibri-component=\"section\" data-colibri-id=\"30-c2\" id=\"custom\" class=\"h-section h-section-global-spacing d-flex align-items-lg-center align-items-md-center align-items-center style-589 style-local-30-c2 position-relative\">\n    <!---->\n    <!---->\n    <div class=\"h-section-grid-container h-section-boxed-container\">\n      <!---->\n      <div data-colibri-id=\"30-c14\" class=\"h-row-container gutters-row-lg-2 gutters-row-md-2 gutters-row-0 gutters-row-v-lg-2 gutters-row-v-md-2 gutters-row-v-2 style-791 style-local-30-c14 position-relative\">\n        <!---->\n        <div class=\"h-row justify-content-lg-center justify-content-md-center justify-content-center align-items-lg-stretch align-items-md-stretch align-items-stretch gutters-col-lg-2 gutters-col-md-2 gutters-col-0 gutters-col-v-lg-2 gutters-col-v-md-2 gutters-col-v-2\">\n          <!---->\n          <div class=\"h-column h-column-container d-flex h-col-lg-auto h-col-md-auto h-col-auto style-792-outer style-local-30-c15-outer\">\n            <div data-colibri-id=\"30-c15\" class=\"d-flex h-flex-basis h-column__inner h-px-lg-2 h-px-md-2 h-px-2 v-inner-lg-2 v-inner-md-2 v-inner-2 style-792 style-local-30-c15 position-relative\">\n              <!---->\n              <!---->\n              <div class=\"w-100 h-y-container h-column__content h-column__v-align flex-basis-100 align-self-lg-start align-self-md-start align-self-start\">\n                <!---->\n                <div data-colibri-id=\"30-c16\" class=\"d-block style-790 style-local-30-c16 position-relative h-element\">\n                  <!---->\n                  <div class=\"h-image__frame-container-outer\">\n                    <div class=\"h-image__frame-container\">\n                      <!---->\n                      <!---->\n                      <img loading=\"lazy\" decoding=\"async\" width=\"2047\" height=\"2047\" src=\"http:\/\/czytaczfest.pl\/wp-content\/uploads\/2024\/05\/cropped-327566817_2965693467072832_199825014275813974_n.jpg\" class=\"wp-image-841 style-790-image style-local-30-c16-image\" alt=\"\" srcset=\"https:\/\/czytaczfest.pl\/wp-content\/uploads\/2024\/05\/cropped-327566817_2965693467072832_199825014275813974_n.jpg 2047w, https:\/\/czytaczfest.pl\/wp-content\/uploads\/2024\/05\/cropped-327566817_2965693467072832_199825014275813974_n-300x300.jpg 300w, https:\/\/czytaczfest.pl\/wp-content\/uploads\/2024\/05\/cropped-327566817_2965693467072832_199825014275813974_n-1024x1024.jpg 1024w, https:\/\/czytaczfest.pl\/wp-content\/uploads\/2024\/05\/cropped-327566817_2965693467072832_199825014275813974_n-150x150.jpg 150w, https:\/\/czytaczfest.pl\/wp-content\/uploads\/2024\/05\/cropped-327566817_2965693467072832_199825014275813974_n-768x768.jpg 768w, https:\/\/czytaczfest.pl\/wp-content\/uploads\/2024\/05\/cropped-327566817_2965693467072832_199825014275813974_n-1536x1536.jpg 1536w, https:\/\/czytaczfest.pl\/wp-content\/uploads\/2024\/05\/cropped-327566817_2965693467072832_199825014275813974_n-600x600.jpg 600w, https:\/\/czytaczfest.pl\/wp-content\/uploads\/2024\/05\/cropped-327566817_2965693467072832_199825014275813974_n-100x100.jpg 100w\" sizes=\"auto, (max-width: 2047px) 100vw, 2047px\" \/>\n                      <div class=\"h-image__frame h-hide-lg h-hide-md h-hide-sm style-790-frameImage style-local-30-c16-frameImage\"><\/div>\n                    <\/div>\n                  <\/div>\n                <\/div>\n              <\/div>\n            <\/div>\n          <\/div>\n        <\/div>\n      <\/div>\n      <div data-colibri-id=\"30-c10\" class=\"h-row-container gutters-row-lg-2 gutters-row-md-2 gutters-row-0 gutters-row-v-lg-2 gutters-row-v-md-2 gutters-row-v-2 style-788 style-local-30-c10 position-relative\">\n        <!---->\n        <div class=\"h-row justify-content-lg-center justify-content-md-center justify-content-center align-items-lg-stretch align-items-md-stretch align-items-stretch gutters-col-lg-2 gutters-col-md-2 gutters-col-0 gutters-col-v-lg-2 gutters-col-v-md-2 gutters-col-v-2\">\n          <!---->\n          <div class=\"h-column h-column-container d-flex h-col-lg-auto h-col-md-auto h-col-auto style-789-outer style-local-30-c11-outer\">\n            <div data-colibri-id=\"30-c11\" class=\"d-flex h-flex-basis h-column__inner h-px-lg-2 h-px-md-2 h-px-2 v-inner-lg-2 v-inner-md-2 v-inner-2 style-789 style-local-30-c11 position-relative\">\n              <!---->\n              <!---->\n              <div class=\"w-100 h-y-container h-column__content h-column__v-align flex-basis-100 align-self-lg-start align-self-md-start align-self-start\">\n                <!---->\n                <div data-colibri-id=\"30-c12\" class=\"h-text h-text-component style-593 style-local-30-c12 position-relative h-element\">\n                  <!---->\n                  <!---->\n                  <div class=\"\">\n                    <p>CzytaczFest to powsta\u0142e z pasji wydarzenie czytelnicze odbywaj\u0105ce si\u0119 w bliskiej naszym sercom Bydgoszczy.\n                      <br>To, najkr\u00f3cej i najpro\u015bciej ujmuj\u0105c: &#8222;bydgoski dzie\u0144 z ksi\u0105\u017ckami i lud\u017ami ksi\u0105\u017cki&#8221;. W ramach wydarzenia odbywaj\u0105 si\u0119 spotkania autorskie oraz prelekcje, a uczestnicy maj\u0105 mo\u017cliwo\u015b\u0107 spotka\u0107 swoich ukochanych autor\u00f3w i autorki z ca\u0142ej\n                      Polski oraz zdoby\u0107 wymarzony autograf!\n                      <br>\n                      <br>Organizatorami wydarzenia s\u0105 tw\u00f3rcy Strefy Czytacza, Daniel i Natalia Muniowscy, funkcjonuj\u0105cy w sieci od 2013 roku.\n                      <br>\n                      <br>CzytaczFest to przede wszystkim \u015bwi\u0119to ksi\u0105\u017cki. Ale nie w my\u015bl g\u00f3rnolotnych idea\u0142\u00f3w, a czytania dla rozrywki.\n                      <br>Poniewa\u017c czytanie ksi\u0105\u017cek to dla nas przede wszystkim dobra zabawa.<\/p>\n                  <\/div>\n                <\/div>\n              <\/div>\n            <\/div>\n          <\/div>\n        <\/div>\n      <\/div>\n    <\/div>\n  <\/div>\n  <div data-colibri-component=\"section\" data-colibri-id=\"30-c6\" id=\"custom-2\" class=\"h-section h-section-global-spacing d-flex align-items-lg-center align-items-md-center align-items-center style-784 style-local-30-c6 position-relative\">\n    <!---->\n    <!---->\n    <div class=\"h-section-grid-container h-section-boxed-container\">\n      <!---->\n      <div data-colibri-id=\"30-c7\" class=\"h-row-container gutters-row-lg-2 gutters-row-md-2 gutters-row-0 gutters-row-v-lg-2 gutters-row-v-md-2 gutters-row-v-2 style-785 style-local-30-c7 position-relative\">\n        <!---->\n        <div class=\"h-row justify-content-lg-center justify-content-md-center justify-content-center align-items-lg-stretch align-items-md-stretch align-items-stretch gutters-col-lg-2 gutters-col-md-2 gutters-col-0 gutters-col-v-lg-2 gutters-col-v-md-2 gutters-col-v-2\">\n          <!---->\n          <div class=\"h-column h-column-container d-flex h-col-lg-auto h-col-md-auto h-col-auto style-786-outer style-local-30-c8-outer\">\n            <div data-colibri-id=\"30-c8\" class=\"d-flex h-flex-basis h-column__inner h-ui-empty-state-container h-px-lg-2 h-px-md-2 h-px-2 v-inner-lg-2 v-inner-md-2 v-inner-2 style-786 style-local-30-c8 position-relative\">\n              <!---->\n              <!---->\n              <div class=\"w-100 h-y-container h-column__content h-column__v-align flex-basis-100\">\n                <!---->\n              <\/div>\n            <\/div>\n          <\/div>\n        <\/div>\n      <\/div>\n    <\/div>\n  <\/div>\n<\/div>","protected":false},"excerpt":{"rendered":"<p>CzytaczFest to powsta\u0142e z pasji wydarzenie czytelnicze odbywaj\u0105ce si\u0119 w bliskiej naszym sercom Bydgoszczy. To, najkr\u00f3cej i najpro\u015bciej ujmuj\u0105c: &#8222;bydgoski dzie\u0144 z ksi\u0105\u017ckami i lud\u017ami ksi\u0105\u017cki&#8221;. W ramach wydarzenia odbywaj\u0105 si\u0119 spotkania autorskie oraz prelekcje, a uczestnicy maj\u0105 mo\u017cliwo\u015b\u0107 spotka\u0107 swoich ukochanych autor\u00f3w i autorki z ca\u0142ej Polski oraz zdoby\u0107 wymarzony autograf! Organizatorami wydarzenia s\u0105 [&hellip;]<\/p>\n","protected":false},"author":1,"featured_media":0,"parent":0,"menu_order":0,"comment_status":"closed","ping_status":"closed","template":"page-templates\/full-width-page.php","meta":{"footnotes":""},"class_list":["post-30","page","type-page","status-publish","hentry"],"_links":{"self":[{"href":"https:\/\/czytaczfest.pl\/index.php\/wp-json\/wp\/v2\/pages\/30","targetHints":{"allow":["GET"]}}],"collection":[{"href":"https:\/\/czytaczfest.pl\/index.php\/wp-json\/wp\/v2\/pages"}],"about":[{"href":"https:\/\/czytaczfest.pl\/index.php\/wp-json\/wp\/v2\/types\/page"}],"author":[{"embeddable":true,"href":"https:\/\/czytaczfest.pl\/index.php\/wp-json\/wp\/v2\/users\/1"}],"replies":[{"embeddable":true,"href":"https:\/\/czytaczfest.pl\/index.php\/wp-json\/wp\/v2\/comments?post=30"}],"version-history":[{"count":4,"href":"https:\/\/czytaczfest.pl\/index.php\/wp-json\/wp\/v2\/pages\/30\/revisions"}],"predecessor-version":[{"id":843,"href":"https:\/\/czytaczfest.pl\/index.php\/wp-json\/wp\/v2\/pages\/30\/revisions\/843"}],"wp:attachment":[{"href":"https:\/\/czytaczfest.pl\/index.php\/wp-json\/wp\/v2\/media?parent=30"}],"curies":[{"name":"wp","href":"https:\/\/api.w.org\/{rel}","templated":true}]}}