{"id":31,"date":"2024-05-02T14:57:02","date_gmt":"2024-05-02T14:57:02","guid":{"rendered":"http:\/\/czytaczfest.pl\/?page_id=31"},"modified":"2025-07-29T12:28:08","modified_gmt":"2025-07-29T12:28:08","slug":"gdzie-i-kiedy","status":"publish","type":"page","link":"https:\/\/czytaczfest.pl\/index.php\/gdzie-i-kiedy\/","title":{"rendered":"GDZIE I KIEDY?"},"content":{"rendered":"\n<p>CzytaczFest 2025 odb\u0119dzie si\u0119 <strong>30 sierpnia <\/strong>w budynkach <strong>Uniwersytetu Kazimierza Wielkiego<\/strong> w Bydgoszczy <strong> (ul. Chodkiewicza 30, Bydgoszcz)<\/strong>. <br>Wydarzenie rozpocznie si\u0119 o <strong>godz. 10:00 i potrwa do 17:00<\/strong>. <br><br>Atrakcje b\u0119d\u0105 si\u0119 odbywa\u0142y jednocze\u015bnie w dw\u00f3ch salach. <\/p>\n\n\n\n<p><strong>JAK DOJECHA\u0106? <\/strong><\/p>\n\n\n\n<p>Z dworca autobusowego PKS oraz dworca kolejowego, doje\u017cd\u017caj\u0105 autobusy i tramwaje (przystanek UKW). <br>Ze wzgl\u0119du na to, \u017ce Uniwersytet Kazimierza Wielkiego ma kilka kampus\u00f3w, nale\u017cy kierowa\u0107 si\u0119 adresem &#8211; Chodkiewicza 30. <br><br>Na miejscu b\u0119d\u0105 oznaczenia kieruj\u0105ce do w\u0142a\u015bciwego budynku. <\/p>\n\n\n\n<p><strong>GDZIE ZAPARKOWA\u0106 SAMOCH\u00d3D? <\/strong><\/p>\n\n\n\n<p>W pobli\u017cu miejsca wydarzenia jest dost\u0119pny p\u0142atny parking oraz parking miejski. <\/p>\n\n\n\n<p><\/p>\n","protected":false},"excerpt":{"rendered":"<p>CzytaczFest 2025 odb\u0119dzie si\u0119 30 sierpnia w budynkach Uniwersytetu Kazimierza Wielkiego w Bydgoszczy (ul. Chodkiewicza 30, Bydgoszcz). Wydarzenie rozpocznie si\u0119 o godz. 10:00 i potrwa do 17:00. Atrakcje b\u0119d\u0105 si\u0119 odbywa\u0142y jednocze\u015bnie w dw\u00f3ch salach. JAK DOJECHA\u0106? Z dworca autobusowego PKS oraz dworca kolejowego, doje\u017cd\u017caj\u0105 autobusy i tramwaje (przystanek UKW). Ze wzgl\u0119du na to, \u017ce [&hellip;]<\/p>\n","protected":false},"author":1,"featured_media":0,"parent":0,"menu_order":0,"comment_status":"closed","ping_status":"closed","template":"","meta":{"footnotes":""},"class_list":["post-31","page","type-page","status-publish","hentry"],"_links":{"self":[{"href":"https:\/\/czytaczfest.pl\/index.php\/wp-json\/wp\/v2\/pages\/31","targetHints":{"allow":["GET"]}}],"collection":[{"href":"https:\/\/czytaczfest.pl\/index.php\/wp-json\/wp\/v2\/pages"}],"about":[{"href":"https:\/\/czytaczfest.pl\/index.php\/wp-json\/wp\/v2\/types\/page"}],"author":[{"embeddable":true,"href":"https:\/\/czytaczfest.pl\/index.php\/wp-json\/wp\/v2\/users\/1"}],"replies":[{"embeddable":true,"href":"https:\/\/czytaczfest.pl\/index.php\/wp-json\/wp\/v2\/comments?post=31"}],"version-history":[{"count":7,"href":"https:\/\/czytaczfest.pl\/index.php\/wp-json\/wp\/v2\/pages\/31\/revisions"}],"predecessor-version":[{"id":692,"href":"https:\/\/czytaczfest.pl\/index.php\/wp-json\/wp\/v2\/pages\/31\/revisions\/692"}],"wp:attachment":[{"href":"https:\/\/czytaczfest.pl\/index.php\/wp-json\/wp\/v2\/media?parent=31"}],"curies":[{"name":"wp","href":"https:\/\/api.w.org\/{rel}","templated":true}]}}