{"id":557,"date":"2024-06-22T04:49:40","date_gmt":"2024-06-22T04:49:40","guid":{"rendered":"https:\/\/czytaczfest.pl\/?page_id=557"},"modified":"2024-06-28T18:29:55","modified_gmt":"2024-06-28T18:29:55","slug":"konkurs","status":"publish","type":"page","link":"https:\/\/czytaczfest.pl\/index.php\/konkurs\/","title":{"rendered":"KONKURS DLA UCZESTNIK\u00d3W CZYTACZFESTU!"},"content":{"rendered":"<div data-colibri-id=\"557-c1\" class=\"style-665 style-local-557-c1 position-relative\">\n  <!---->\n  <div data-colibri-component=\"section\" data-colibri-id=\"557-c2\" id=\"initial-content\" class=\"h-section h-section-global-spacing d-flex align-items-lg-center align-items-md-center align-items-center style-666 style-local-557-c2 position-relative\">\n    <!---->\n    <!---->\n    <div class=\"h-section-grid-container h-section-boxed-container\">\n      <!---->\n      <div data-colibri-id=\"557-c3\" class=\"h-row-container gutters-row-lg-2 gutters-row-md-2 gutters-row-0 gutters-row-v-lg-2 gutters-row-v-md-2 gutters-row-v-2 style-667 style-local-557-c3 position-relative\">\n        <!---->\n        <div class=\"h-row justify-content-lg-center justify-content-md-center justify-content-center align-items-lg-stretch align-items-md-stretch align-items-stretch gutters-col-lg-2 gutters-col-md-2 gutters-col-0 gutters-col-v-lg-2 gutters-col-v-md-2 gutters-col-v-2\">\n          <!---->\n          <div class=\"h-column h-column-container d-flex h-col-lg-auto h-col-md-auto h-col-auto style-668-outer style-local-557-c4-outer\">\n            <div data-colibri-id=\"557-c4\" class=\"d-flex h-flex-basis h-column__inner h-px-lg-2 h-px-md-2 h-px-2 v-inner-lg-2 v-inner-md-2 v-inner-2 style-668 style-local-557-c4 position-relative\">\n              <!---->\n              <!---->\n              <div class=\"w-100 h-y-container h-column__content h-column__v-align flex-basis-100 align-self-lg-start align-self-md-start align-self-start\">\n                <!---->\n                <div data-colibri-id=\"557-c5\" class=\"h-text h-text-component style-670 style-local-557-c5 position-relative h-element\">\n                  <!---->\n                  <!---->\n                  <div class=\"\">\n                    <p>Marzysz, by us\u0142ysze\u0107 sw\u00f3j g\u0142os w prawdziwym, profesjonalnym s\u0142uchowisku audio?<\/p>\n                    <p> Wraz ze studiem 4P Acoustic, zapraszamy do udzia\u0142u w konkursie dla uczestnik\u00f3w CzytaczFestu 2024, w kt\u00f3rym do <\/p>\n                    <p><strong>wygrania jest rola (lub role!) w najnowszym s\u0142uchowisku na podstawie \u201eSherlocka Holmesa\u201d \u2013 \u201ePrzygody Sherlocka Holmesa\u201d!<\/strong>\n                      <br>\n                      <br> Dotychczas studio 4P Acoustic zrealizowa\u0142o dwa s\u0142uchowiska na podstawie tekst\u00f3w o najs\u0142ynniejszym detektywie \u015bwiata, \u201eSherlock Holmes i studium w szkar\u0142acie\u201d oraz \u201eSherlock Holmes i znak czterech\u201d.\n                      <br>\n                      <br> <strong>W produkcjach wzi\u0119li udzia\u0142 m.in. Kamil Pruban, Wiktor Piechowski, Ma\u0142gorzata Koz\u0142owska, Jakub Zaj\u0105c, Sebastian Dela i Szymon Kukla.<\/strong><\/p>\n                    <p>Aktualnie s\u0142uchowiska te s\u0105 promowane na g\u0142\u00f3wnej stronie Legimi.<\/p>\n                    <p>Mo\u017ce s\u0142uchowisko z Twoim udzia\u0142em r\u00f3wnie\u017c si\u0119 tam znajdzie?<\/p>\n                    <p>Wszystko w Twoich r\u0119kach, a raczej\u2026 w Twoim G\u0141OSIE!\n                      <br>\n                    <\/p>\n                    <p>\n                      <br>\n                    <\/p>\n                    <p>Aby zawalczy\u0107 o t\u0119 wyj\u0105tkow\u0105 nagrod\u0119 i pami\u0105tk\u0119 na ca\u0142e \u017cycie, zaprezentuj nam swoje umiej\u0119tno\u015bci.<\/p>\n                    <p>Nagraj jak czytasz fragment ksi\u0105\u017cki (maks. 1,5 min) i oczaruj nas swoimi umiej\u0119tno\u015bciami lektorskimi lub aktorskimi!<\/p>\n                    <p>Gotowy materia\u0142 audio (najlepiej mp3) wraz z potwierdzeniem uczestnictwa w CzytaczFe\u015bcie (bilet wst\u0119pu) prze\u015blij na<\/p>\n                    <p>\n                      <a href=\"mailto:info@czytaczfest.pl\">info@czytaczfest.pl<\/a> w terminie do 10.07.2024 r.&nbsp;W tytule wiadomo\u015bci napisz: \u201eKonkurs \u2013 S\u0142uchowisko\u201d.\n                      <br>\n                      <br> Nagrania odb\u0119d\u0105 si\u0119 w wakacje w studio w Warszawie.\n                      <br>\n                      <br> Regulamin konkursu poni\u017cej.<\/p>\n                  <\/div>\n                <\/div>\n              <\/div>\n            <\/div>\n          <\/div>\n        <\/div>\n      <\/div>\n    <\/div>\n  <\/div>\n  <div data-colibri-component=\"section\" data-colibri-id=\"557-c6\" id=\"custom\" class=\"h-section h-section-global-spacing d-flex align-items-lg-center align-items-md-center align-items-center style-674 style-local-557-c6 position-relative\">\n    <!---->\n    <!---->\n    <div class=\"h-section-grid-container h-section-boxed-container\">\n      <!---->\n      <div data-colibri-id=\"557-c7\" class=\"h-row-container gutters-row-lg-2 gutters-row-md-2 gutters-row-0 gutters-row-v-lg-2 gutters-row-v-md-2 gutters-row-v-2 style-675 style-local-557-c7 position-relative\">\n        <!---->\n        <div class=\"h-row justify-content-lg-center justify-content-md-center justify-content-center align-items-lg-stretch align-items-md-stretch align-items-stretch gutters-col-lg-2 gutters-col-md-2 gutters-col-0 gutters-col-v-lg-2 gutters-col-v-md-2 gutters-col-v-2\">\n          <!---->\n          <div class=\"h-column h-column-container d-flex h-col-lg-auto h-col-md-auto h-col-auto style-676-outer style-local-557-c8-outer\">\n            <div data-colibri-id=\"557-c8\" class=\"d-flex h-flex-basis h-column__inner h-px-lg-2 h-px-md-2 h-px-2 v-inner-lg-2 v-inner-md-2 v-inner-2 style-676 style-local-557-c8 position-relative\">\n              <!---->\n              <!---->\n              <div class=\"w-100 h-y-container h-column__content h-column__v-align flex-basis-100 align-self-lg-start align-self-md-start align-self-start\">\n                <!---->\n                <div data-colibri-id=\"557-c9\" class=\"h-text h-text-component style-677 style-local-557-c9 position-relative h-element\">\n                  <!---->\n                  <!---->\n                  <div class=\"\">\n                    <p>REGULAMIN KONKURSU \u201eWYGRAJ WYST\u0118P W S\u0141UCHOWISKU NA PODSTAWIE SHERLOCKA HOLMESA\u201d<\/p>\n                    <p>\n                      <br>\n                    <\/p>\n                    <p>1.Postanowienia og\u00f3lne<\/p>\n                    <p>Niniejszy Regulamin okre\u015bla warunki i zasady, na jakich odbywa si\u0119 konkurs pod nazw\u0105 \u201eWygraj wyst\u0119p w s\u0142uchowisku na podstawie Sherlocka Holmesa\u201d.<\/p>\n                    <p>Organizatorem Konkursu jest Strefa Czytacza Natalia Muniowska, NIP: 5542850743 z siedzib\u0105 w Otorowie 11a, 86-050 Otorowo we wsp\u00f3\u0142pracy z 4P Acoustic Sp. z o.o. NIP: 9522217915 z siedzib\u0105 przy Skandynawskiej 14, 04-763 Warszawa.<\/p>\n                    <p>Organizator jest przyrzekaj\u0105cym nagrod\u0119 w rozumieniu art. 921 Kodeksu cywilnego.<\/p>\n                    <p>Konkurs organizowany jest na terytorium Rzeczypospolitej Polskiej.<\/p>\n                    <p>Zg\u0142oszenia uczestnictwa w Konkursie przyjmowane s\u0105 od dnia 27.06.2024 r. od momentu publikacji zadania konkursowego na stronie internetowej www.czytaczfest.pl, do dnia 10.07.2024 r. do godziny 23:59.<\/p>\n                    <p>Konkurs jest przeprowadzany za po\u015brednictwem strony www.czytaczfest.pl<\/p>\n                    <p>2. Uczestnictwo w Konkursie<\/p>\n                    <p>Uczestnikiem Konkursu mog\u0105 by\u0107 wy\u0142\u0105cznie osoby fizyczne, stale zamieszka\u0142e na terytorium Rzeczypospolitej Polskiej, kt\u00f3re posiadaj\u0105 pe\u0142n\u0105 zdolno\u015b\u0107 do czynno\u015bci prawnych (dalej \u201eUczestnik\/Uczestnicy\u201d). Uczestnictwo w Konkursie nie mo\u017ce\n                      by\u0107 bezpo\u015brednio zwi\u0105zane z dzia\u0142alno\u015bci\u0105 gospodarcz\u0105 lub zawodow\u0105 Uczestnika.<\/p>\n                    <p>Uczestnikiem Konkursu mog\u0105 by\u0107 wy\u0142\u0105cznie osoby, kt\u00f3re uczestniczy\u0142y w wydarzeniu \u201eCzytaczFest 2024\u201d, kt\u00f3re odby\u0142a si\u0119 22.06.2024 r. w Bydgoszczy i posiadaj\u0105 dow\u00f3d tego faktu w postaci biletu na wydarzenie.<\/p>\n                    <p>W Konkursie nie mog\u0105 uczestniczy\u0107 pracownicy Organizatora oraz cz\u0142onkowie najbli\u017cszej rodziny tych pracownik\u00f3w. Pod poj\u0119ciem pracownik\u00f3w rozumie si\u0119 osoby zatrudnione przez Organizatora bez wzgl\u0119du na podstaw\u0119 prawn\u0105 (w tym w ramach\n                      stosunku pracy lub pozostaj\u0105ce w stosunku cywilnoprawnym). Przez \u201ecz\u0142onk\u00f3w najbli\u017cszej rodziny\u201d rozumie si\u0119 wst\u0119pnych, zst\u0119pnych, ma\u0142\u017conk\u00f3w oraz osoby pozostaj\u0105ce w stosunku przysposobienia.<\/p>\n                    <p>Uczestnictwo w Konkursie jest nieodp\u0142atne i ca\u0142kowicie dobrowolne.<\/p>\n                    <p>3. Zadanie Konkursowe<\/p>\n                    <p>Aby zg\u0142osi\u0107 sw\u00f3j udzia\u0142 w Konkursie, nale\u017cy wykona\u0107 zadanie konkursowe polegaj\u0105ce na nagraniu w formacie audio (mp3) czytanego przez siebie fragmentu wybranej ksi\u0105\u017cki (max. 1,5 minuty nagrania) i przes\u0142anie go mailowo na adres info@czytaczfest.pl<strong> <\/strong>wraz\n                      z potwierdzeniem udzia\u0142u w CzytaczFe\u015bcie (skan lub pdf biletu umo\u017cliwiaj\u0105cego wst\u0119p).W tytule maila nale\u017cy wpisa\u0107: \u201eKonkurs \u2013 S\u0142uchowisko\u201d.<\/p>\n                    <p>Na podstawie kryteri\u00f3w, o kt\u00f3rych mowa w ust 3 powy\u017cej, spo\u015br\u00f3d Uczestnik\u00f3w, kt\u00f3rzy zg\u0142osili Prac\u0119 Konkursow\u0105, trzyosobowe jury z\u0142o\u017cone z przedstawicieli Organizatora wy\u0142oni jednego (lub wi\u0119cej) Laureata Konkursu.<\/p>\n                    <p>Lista laureat\u00f3w wy\u0142onionych spo\u015br\u00f3d Prac Konkursowych, zg\u0142oszonych w odpowiedzi na konkurs zostanie og\u0142oszona w terminie 14 dni roboczych od momentu zako\u0144czenia przyjmowania Prac Konkursowych.<\/p>\n                    <p>Przez wzi\u0119cie udzia\u0142u w Konkursie, rozumiane jako przygotowanie Pracy konkursowej, Uczestnik o\u015bwiadcza, \u017ce zapozna\u0142 si\u0119 z Regulaminem Konkursu i akceptuje jego postanowienia. Organizator mo\u017ce wykluczy\u0107 Uczestnika z udzia\u0142u w Konkursie\n                      w przypadku naruszenia przez Uczestnika postanowie\u0144 Regulaminu Konkursu.<\/p>\n                    <p>Organizator zastrzega sobie prawo do niewy\u0142onienia Laureata Konkursu w przypadku, gdy jako\u015b\u0107 Prac Konkursowych b\u0119dzie niewystarczaj\u0105ca. &nbsp;<\/p>\n                    <p>4. Nagroda w Konkursie<\/p>\n                    <p>W Konkursie przewidziano nagrod\u0119:\n                      <br> &#8211; zagranie roli w s\u0142uchowisku na podstawie opowiadania o Sherlocku Holmesie.\n                      <br>\n                      <br> Nagrania odb\u0119d\u0105 si\u0119 w wakacje w studio mieszcz\u0105cym si\u0119 w Warszawie.\n                      <br>\n                      <br> Laureat sam ponosi koszty dojazdu, noclegu oraz inne niezb\u0119dne do zrealizowania nagrody. <\/p>\n                    <p>Warunkiem wydania Nagrody jest wys\u0142anie przez laureata mailowego potwierdzenia przyj\u0119cia nagrody na adres: info@czytaczfest.pl<\/p>\n                    <p>Organizator informuje, \u017ce je\u017celi na skutek niepodania przez Laureata zg\u00f3d, o kt\u00f3rych mowa w \u00a74. Punkt 2 lub podania przez laureata nieprawdziwych, niepe\u0142nych lub nieaktualnych danych realizacja Nagrody b\u0119dzie niemo\u017cliwa. <\/p>\n                    <p>Organizator nie przewiduje zamiany wygranej Nagrody na inn\u0105, w tym na ekwiwalent pieni\u0119\u017cny. Laureat mo\u017ce zrzec si\u0119 prawa do Nagrody, ale w zamian nie przys\u0142uguje mu \u017caden ekwiwalent pieni\u0119\u017cny lub rzeczowy.<\/p>\n                    <p>5. Reklamacje<\/p>\n                    <p>Wszelkie reklamacje zwi\u0105zane z Konkursem mo\u017cna sk\u0142ada\u0107 w czasie trwania konkursu oraz w ci\u0105gu 14 dni od daty zako\u0144czenia konkursu na pi\u015bmie listem poleconym, kurierem lub osobi\u015bcie na adres Strefa Czytacza Natalia Muniowska, Otorowo\n                      11a, 86-050 Otorowo.<\/p>\n                    <p>W tre\u015bci reklamacji nale\u017cy poda\u0107 zg\u0142aszane zastrze\u017cenia oraz tre\u015b\u0107 \u017c\u0105dania, a tak\u017ce adres korespondencyjny, pod kt\u00f3ry ma zosta\u0107 wys\u0142ana odpowied\u017a.<\/p>\n                    <p>Organizator rozpatrzy reklamacj\u0119 w terminie 30 dni od daty jej otrzymania i poinformuje zg\u0142aszaj\u0105cego o zaj\u0119tym stanowisku. Odpowied\u017a na reklamacj\u0119 zostanie wys\u0142ana listem poleconym.<\/p>\n                    <p>Skorzystanie z procedury reklamacyjnej jest dobrowolne i nie wy\u0142\u0105cza ani nie ogranicza mo\u017cliwo\u015bci dochodzenia przez Uczestnik\u00f3w roszcze\u0144 na drodze post\u0119powania s\u0105dowego, przed w\u0142a\u015bciwym s\u0105dem powszechnym.<\/p>\n                    <p>6. Dane osobowe<\/p>\n                    <p>Administratorem danych osobowych w Konkursie jest Organizator (Strefa Czytacza Natalia Muniowska, Otorowo 11a, 86-050 Otorowo oraz 4P Acoustic, Skandynawska 14, 04-763 Warszawa). Dane osobowe przetwarzane b\u0119d\u0105 wy\u0142\u0105cznie w celu przeprowadzenia\n                      Konkursu, w tym prawid\u0142owego wydania Nagr\u00f3d oraz rozpatrzenia ewentualnych Reklamacji. Podanie danych osobowych jest dobrowolne, ale niezb\u0119dne do wydania Uczestnikowi Nagrody oraz rozpatrzenia reklamacji. Uczestnicy maj\u0105 prawo do\n                      wgl\u0105du do swoich danych osobowych oraz ich poprawiania.<\/p>\n                    <p>Uczestnik wyra\u017ca zgod\u0119 na podanie jego imienia i nazwiska w celu poinformowania o wynikach Konkursu.\n                      <br>\n                      <br> Wyniki Konkursu zostan\u0105 og\u0142oszone na Facebooku:\n                      <a href=\"http:\/\/www.facebook.com\/strefaczytacza\" class=\"customize-unpreviewable\">www.facebook.com\/strefaczytacza<\/a>\n                    <\/p>\n                    <p>7. Postanowienia ko\u0144cowe<\/p>\n                    <p>Organizator informuje, \u017ce Konkurs nie jest w \u017caden spos\u00f3b sponsorowany, popierany ani prowadzony przez Facebook (Meta Platforms, Inc. z siedzib\u0105 w Menlo Park, Kalifornia,Stany Zjednoczone Ameryki). Organizator informuje, \u017ce Facebook\n                      nie ponosi odpowiedzialno\u015bci w zwi\u0105zku z udzia\u0142em Uczestnik\u00f3w w Konkursie, w szczeg\u00f3lno\u015bci nie ponosi odpowiedzialno\u015bci za tre\u015bci zamieszczane przez Uczestnik\u00f3w oraz nagrody przyrzeczone przez Organizatora.<\/p>\n                    <p>Tre\u015b\u0107 Regulaminu jest dost\u0119pna w siedzibie Organizatora oraz na stronie www.czytaczfest.pl<\/p>\n                    <p>W zakresie nieuregulowanym w niniejszym Regulaminie zastosowanie znajduj\u0105 powszechnie obowi\u0105zuj\u0105ce przepisy polskiego prawa.<\/p>\n                    <p>Wszelkie spory dotycz\u0105ce Konkursu b\u0119d\u0105 rozstrzygane przez s\u0105d w\u0142a\u015bciwy dla siedziby Organizatora.<\/p>\n                  <\/div>\n                <\/div>\n              <\/div>\n            <\/div>\n          <\/div>\n        <\/div>\n      <\/div>\n    <\/div>\n  <\/div>\n<\/div>","protected":false},"excerpt":{"rendered":"<p>Marzysz, by us\u0142ysze\u0107 sw\u00f3j g\u0142os w prawdziwym, profesjonalnym s\u0142uchowisku audio? Wraz ze studiem 4P Acoustic, zapraszamy do udzia\u0142u w konkursie dla uczestnik\u00f3w CzytaczFestu 2024, w kt\u00f3rym do wygrania jest rola (lub role!) w najnowszym s\u0142uchowisku na podstawie \u201eSherlocka Holmesa\u201d \u2013 \u201ePrzygody Sherlocka Holmesa\u201d! Dotychczas studio 4P Acoustic zrealizowa\u0142o dwa s\u0142uchowiska na podstawie tekst\u00f3w o najs\u0142ynniejszym [&hellip;]<\/p>\n","protected":false},"author":1,"featured_media":0,"parent":0,"menu_order":0,"comment_status":"closed","ping_status":"closed","template":"page-templates\/full-width-page.php","meta":{"footnotes":""},"class_list":["post-557","page","type-page","status-publish","hentry"],"_links":{"self":[{"href":"https:\/\/czytaczfest.pl\/index.php\/wp-json\/wp\/v2\/pages\/557","targetHints":{"allow":["GET"]}}],"collection":[{"href":"https:\/\/czytaczfest.pl\/index.php\/wp-json\/wp\/v2\/pages"}],"about":[{"href":"https:\/\/czytaczfest.pl\/index.php\/wp-json\/wp\/v2\/types\/page"}],"author":[{"embeddable":true,"href":"https:\/\/czytaczfest.pl\/index.php\/wp-json\/wp\/v2\/users\/1"}],"replies":[{"embeddable":true,"href":"https:\/\/czytaczfest.pl\/index.php\/wp-json\/wp\/v2\/comments?post=557"}],"version-history":[{"count":3,"href":"https:\/\/czytaczfest.pl\/index.php\/wp-json\/wp\/v2\/pages\/557\/revisions"}],"predecessor-version":[{"id":584,"href":"https:\/\/czytaczfest.pl\/index.php\/wp-json\/wp\/v2\/pages\/557\/revisions\/584"}],"wp:attachment":[{"href":"https:\/\/czytaczfest.pl\/index.php\/wp-json\/wp\/v2\/media?parent=557"}],"curies":[{"name":"wp","href":"https:\/\/api.w.org\/{rel}","templated":true}]}}